{"id":1934,"date":"2018-02-25T18:50:25","date_gmt":"2018-02-25T16:50:25","guid":{"rendered":"http:\/\/kiltsimois.ee\/rbd\/?page_id=1934"},"modified":"2019-08-26T09:36:02","modified_gmt":"2019-08-26T06:36:02","slug":"worksheets-for-refugees-and-new-immigrants","status":"publish","type":"page","link":"https:\/\/kiltsimois.ee\/rbd\/final-products\/worksheets-for-refugees-and-new-immigrants\/","title":{"rendered":"Worksheets for Refugees and New Immigrants"},"content":{"rendered":"<table>\n<tbody>\n<tr>\n<td><span style=\"font-size: 18pt; font-family: 'arial black', sans-serif; color: #0000ff;\">ESTONIA<\/span><\/td>\n<td>&nbsp;<\/td>\n<td>&nbsp;<\/td>\n<\/tr>\n<tr>\n<td style=\"text-align: left;\"><span style=\"font-family: arial, helvetica, sans-serif; font-size: 14pt;\"><a href=\"http:\/\/kiltsimois.ee\/rbd\/wp-content\/uploads\/2018\/02\/SCHOOL-STAFF.docx\">SCHOOL STAFF<\/a><\/span><\/td>\n<td style=\"text-align: left;\"><span style=\"font-family: arial, helvetica, sans-serif; font-size: 14pt;\"><a href=\"http:\/\/kiltsimois.ee\/rbd\/wp-content\/uploads\/2018\/02\/TIMETABLE-MONDAY-for-1.class.docx\">TIMETABLE &#8211; MONDAY &#8211;<br \/>\n<\/a><a href=\"http:\/\/kiltsimois.ee\/rbd\/wp-content\/uploads\/2018\/02\/TIMETABLE-MONDAY-for-1.class.docx\"> for 1.class<\/a><\/span><\/td>\n<td style=\"text-align: left;\"><span style=\"font-family: arial, helvetica, sans-serif; font-size: 14pt;\"><a href=\"http:\/\/kiltsimois.ee\/rbd\/wp-content\/uploads\/2018\/02\/TIMETABLE-TUESDAY-for-1.-class.docx\">TIMETABLE &#8211; TUESDAY &#8211; for 1. class<\/a><\/span><\/td>\n<\/tr>\n<tr>\n<td style=\"text-align: left;\"><span style=\"font-family: arial, helvetica, sans-serif; font-size: 14pt;\"><a href=\"http:\/\/kiltsimois.ee\/rbd\/wp-content\/uploads\/2018\/02\/TIMETABLE-WEDNESDAY-for-1.-class.docx\">TIMETABLE &#8211; WEDNESDAY &#8211; for 1. class<\/a><\/span><\/td>\n<td style=\"text-align: left;\"><span style=\"font-family: arial, helvetica, sans-serif; font-size: 14pt;\"><a href=\"http:\/\/kiltsimois.ee\/rbd\/wp-content\/uploads\/2018\/02\/TIMETABLE-THURSDAY-for-1.-class.docx\">TIMETABLE &#8211; THURSDAY &#8211; for 1. class<\/a><\/span><\/td>\n<td style=\"text-align: left;\"><span style=\"font-family: arial, helvetica, sans-serif; font-size: 14pt;\"><a href=\"http:\/\/kiltsimois.ee\/rbd\/wp-content\/uploads\/2018\/02\/TIMETABLE-FRIDAY-for-1.-class.docx\">TIMETABLE &#8211; FRIDAY &#8211; for 1. class<\/a><\/span><\/td>\n<\/tr>\n<tr>\n<td style=\"text-align: left;\"><span style=\"font-family: arial, helvetica, sans-serif; font-size: 14pt;\"><a href=\"http:\/\/kiltsimois.ee\/rbd\/wp-content\/uploads\/2018\/02\/School-1.docx\">SCHOOL 1<\/a><\/span><\/td>\n<td style=\"text-align: left;\"><span style=\"font-family: arial, helvetica, sans-serif; font-size: 14pt;\"><a href=\"http:\/\/kiltsimois.ee\/rbd\/wp-content\/uploads\/2018\/02\/SCHOOL-2.docx\">SCHOOL 2<\/a><\/span><\/td>\n<td style=\"text-align: left;\"><span style=\"font-family: arial, helvetica, sans-serif; font-size: 14pt;\"><a href=\"http:\/\/kiltsimois.ee\/rbd\/wp-content\/uploads\/2018\/02\/COLORS.docx\">COLORS<\/a><\/span><\/td>\n<\/tr>\n<tr>\n<td style=\"text-align: left;\"><span style=\"font-family: arial, helvetica, sans-serif; font-size: 14pt;\"><a href=\"http:\/\/kiltsimois.ee\/rbd\/wp-content\/uploads\/2018\/02\/WEEK.doc\">WEEK<\/a><\/span><\/td>\n<td style=\"text-align: left;\"><span style=\"font-family: arial, helvetica, sans-serif; font-size: 14pt;\"><a style=\"font-style: normal; font-variant-ligatures: normal; font-variant-caps: normal; font-weight: 400;\" href=\"http:\/\/kiltsimois.ee\/rbd\/wp-content\/uploads\/2018\/02\/VERBS.doc\">VERBS<\/a><\/span><\/td>\n<td style=\"text-align: left;\"><span style=\"font-family: arial, helvetica, sans-serif; font-size: 14pt;\"><a href=\"http:\/\/kiltsimois.ee\/rbd\/wp-content\/uploads\/2018\/02\/ACTIVITIES.doc\">ACTIVITIES<\/a><\/span><\/td>\n<\/tr>\n<tr>\n<td style=\"text-align: left;\"><span style=\"font-family: arial, helvetica, sans-serif; font-size: 14pt;\"><a href=\"http:\/\/kiltsimois.ee\/rbd\/wp-content\/uploads\/2018\/02\/FAMILY-I-word-search.docx\">FAMILY I &#8211; word search<\/a><\/span><\/td>\n<td style=\"text-align: left;\"><span style=\"font-family: arial, helvetica, sans-serif; font-size: 14pt;\"><a href=\"http:\/\/kiltsimois.ee\/rbd\/wp-content\/uploads\/2018\/02\/FAMILY-crossword.docx\">FAMILY &#8211; crossword<\/a><\/span><\/td>\n<td style=\"text-align: left;\"><span style=\"font-family: arial, helvetica, sans-serif; font-size: 14pt;\"><a href=\"http:\/\/kiltsimois.ee\/rbd\/wp-content\/uploads\/2018\/02\/LIVING-ROOM.docx\">LIVING ROOM<\/a><\/span><\/td>\n<\/tr>\n<tr>\n<td style=\"text-align: left;\"><span style=\"font-family: arial, helvetica, sans-serif; font-size: 14pt;\"><a href=\"http:\/\/kiltsimois.ee\/rbd\/wp-content\/uploads\/2018\/02\/BEDROOM.docx\">BEDROOM<\/a><\/span><\/td>\n<td style=\"text-align: left;\"><span style=\"font-family: arial, helvetica, sans-serif; font-size: 14pt;\">&nbsp;<span style=\"color: #ff0000;\"><a style=\"color: #ff0000;\" href=\"http:\/\/kiltsimois.ee\/rbd\/wp-content\/uploads\/2018\/04\/Laborivahendid-Kati.pdf\">Laborivahendid <\/a><\/span><\/span><\/td>\n<td style=\"text-align: left;\"><span style=\"font-family: arial, helvetica, sans-serif; font-size: 14pt;\">&nbsp;<span style=\"color: #ff0000;\"><a style=\"color: #ff0000;\" href=\"http:\/\/kiltsimois.ee\/rbd\/wp-content\/uploads\/2018\/04\/Keemilised-elemendid-Kati.pdf\">Keemilised elemendid<\/a><\/span><\/span><\/td>\n<\/tr>\n<tr>\n<td style=\"text-align: left;\"><span style=\"font-family: arial, helvetica, sans-serif; font-size: 14pt; color: #ff0000;\"><a style=\"color: #ff0000;\" href=\"http:\/\/kiltsimois.ee\/rbd\/wp-content\/uploads\/2018\/04\/Aatommass-Kati.pdf\">Aatommass<\/a><\/span><\/td>\n<td style=\"text-align: left;\"><span style=\"font-family: arial, helvetica, sans-serif; font-size: 14pt; color: #ff0000;\"><a style=\"color: #ff0000;\" href=\"http:\/\/kiltsimois.ee\/rbd\/wp-content\/uploads\/2018\/04\/Arvud-ja-numbrid-Tanel.pdf\">Arvud ja numbrid<\/a><\/span><\/td>\n<td style=\"text-align: left;\"><span style=\"font-family: arial, helvetica, sans-serif; font-size: 14pt; color: #ff0000;\"><a style=\"color: #ff0000;\" href=\"http:\/\/kiltsimois.ee\/rbd\/wp-content\/uploads\/2018\/04\/HULK-JA-ARV-Agnes.docx\">HULK JA ARV<\/a><\/span><\/td>\n<\/tr>\n<tr>\n<td style=\"text-align: left;\"><span style=\"font-family: arial, helvetica, sans-serif; font-size: 14pt; color: #ff0000;\"><a style=\"color: #ff0000;\" href=\"http:\/\/kiltsimois.ee\/rbd\/wp-content\/uploads\/2018\/04\/KOOSTA-TEHTED-Agnes-2.docx\">KOOSTA TEHTED<\/a><\/span><\/td>\n<td style=\"text-align: left;\"><span style=\"font-family: arial, helvetica, sans-serif; font-size: 14pt; color: #ff0000;\"><a style=\"color: #ff0000;\" href=\"http:\/\/kiltsimois.ee\/rbd\/wp-content\/uploads\/2018\/04\/mate_tl30-Agnes.doc\">Arvurida ja kell<\/a><\/span><\/td>\n<td style=\"text-align: left;\"><span style=\"font-family: arial, helvetica, sans-serif; font-size: 14pt; color: #ff0000;\"><a style=\"color: #ff0000;\" href=\"http:\/\/kiltsimois.ee\/rbd\/wp-content\/uploads\/2018\/04\/MATEM-Agnes.docx\">Liitmine ja v\u00f5rdlemine<\/a><\/span><\/td>\n<\/tr>\n<tr>\n<td style=\"text-align: left;\"><span style=\"font-family: arial, helvetica, sans-serif; font-size: 14pt; color: #ff0000;\"><a style=\"color: #ff0000;\" href=\"http:\/\/kiltsimois.ee\/rbd\/wp-content\/uploads\/2018\/04\/V\u00c4RVI-MATEM-Agnes.docx\">V\u00c4RVI MATEMAATIKA<\/a><\/span><\/td>\n<td style=\"text-align: left;\"><span style=\"font-family: arial, helvetica, sans-serif; font-size: 14pt; color: #ff0000;\"><a style=\"color: #ff0000;\" href=\"http:\/\/kiltsimois.ee\/rbd\/wp-content\/uploads\/2018\/04\/V\u00c4RVI-SUUREM_V\u00c4IKSEM-Agnes.docx\">Suurem v\u00f5i v\u00e4iksem<\/a><\/span><\/td>\n<td style=\"text-align: left;\"><span style=\"font-size: 14pt; font-family: arial, helvetica, sans-serif; color: #339966;\">&nbsp;<span style=\"color: #008000;\"><a style=\"color: #008000;\" href=\"http:\/\/kiltsimois.ee\/rbd\/wp-content\/uploads\/2018\/04\/Aastaajad.doc\">Aastaajad<\/a><\/span><\/span><\/td>\n<\/tr>\n<tr>\n<td style=\"text-align: left;\"><span style=\"font-family: arial, helvetica, sans-serif; font-size: 14pt; color: #008000;\"><span style=\"font-size: 14pt; font-family: arial, helvetica, sans-serif;\"> <a style=\"color: #008000;\" href=\"http:\/\/kiltsimois.ee\/rbd\/wp-content\/uploads\/2019\/01\/Lahenda-loomade-rists\u00f5na.pdf\">Loomade rists\u00f5na<\/a><\/span><\/span><\/td>\n<td style=\"text-align: left;\"><span style=\"font-family: arial, helvetica, sans-serif; font-size: 14pt; color: #008000;\"><a style=\"color: #008000;\" href=\"http:\/\/kiltsimois.ee\/rbd\/wp-content\/uploads\/2019\/01\/k\u00f6\u00f6giviljadretsept.pdf\">K\u00f6\u00f6giviljad<\/a><\/span><\/td>\n<td style=\"text-align: left;\"><span style=\"font-size: 14pt; font-family: arial, helvetica, sans-serif; color: #008000;\"><a style=\"color: #008000;\" href=\"http:\/\/kiltsimois.ee\/rbd\/wp-content\/uploads\/2019\/01\/K\u00f6\u00f6giviljad-ja-lilled.pdf\">K\u00f6\u00f6giviljad ja lilled<\/a><\/span><\/td>\n<\/tr>\n<\/tbody>\n<\/table>\n<table>\n<tbody>\n<tr style=\"height: 41px;\">\n<td style=\"height: 41px;\"><span style=\"font-family: 'arial black', sans-serif; font-size: 18pt; color: #0000ff;\">SPAIN<\/span><\/td>\n<td style=\"height: 41px;\">&nbsp;<\/td>\n<td style=\"height: 41px;\">&nbsp;<\/td>\n<\/tr>\n<tr style=\"height: 94px;\">\n<td style=\"height: 94px;\"><span style=\"font-size: 14pt;\"><a href=\"http:\/\/kiltsimois.ee\/rbd\/wp-content\/uploads\/2018\/03\/Spain.docx\">Materials for new immigrants<\/a><\/span><\/td>\n<td style=\"height: 94px;\"><span style=\"font-size: 14pt;\"><a href=\"http:\/\/kiltsimois.ee\/rbd\/wp-content\/uploads\/2018\/03\/PEI_Nivel_1.pdf\">Topics to work with arabic immigrants (Spanish &#8211; Arabic). Level 1<\/a><\/span><\/td>\n<td style=\"height: 94px;\"><span style=\"font-size: 14pt;\"><a href=\"http:\/\/kiltsimois.ee\/rbd\/wp-content\/uploads\/2018\/03\/PEI_Nivel_2.pdf\">Topics to work with arabic immigrants (Spanish &#8211; Arabic). Level 2<\/a><\/span><\/td>\n<\/tr>\n<tr style=\"height: 94px;\">\n<td style=\"height: 94px;\"><span style=\"font-size: 14pt;\"><a href=\"http:\/\/www.cuadernointercultural.com\/materiales\/print\/idioma1\/\">Link to a webpage with printable materials for learning Spanish and other languages<\/a><\/span><\/td>\n<td style=\"height: 94px;\">&nbsp;<a href=\"https:\/\/drive.google.com\/file\/d\/1S5kLlmLFvG3EsOPEl-U5yDoGXvbSykdN\/view\"><span style=\"font-size: 14pt;\">Worksheet to work with arabic immigrants and refugees (Spanish \u2013 Arabic)<\/span><\/a><\/td>\n<td style=\"height: 94px;\">&nbsp;<\/td>\n<\/tr>\n<tr style=\"height: 27px;\">\n<td style=\"height: 27px;\"><span style=\"font-size: 12pt; color: #ff0000;\"><strong><a style=\"color: #ff0000;\" href=\"http:\/\/kiltsimois.ee\/rbd\/wp-content\/uploads\/2019\/02\/ADDITION-AND-SUBTRACTION.pdf\">ADDITION AND SUBTRACTION<\/a><\/strong><\/span><\/td>\n<td style=\"height: 27px;\"><strong><span style=\"font-size: 12pt; color: #ff0000;\"><a style=\"color: #ff0000;\" href=\"http:\/\/kiltsimois.ee\/rbd\/wp-content\/uploads\/2019\/02\/DRAWINGS-IN-TEMPLATES.pdf\">DRAWINGS IN TEMPLATES<\/a><\/span><\/strong><\/td>\n<td style=\"height: 27px;\"><span style=\"color: #ff0000;\"><strong><span style=\"font-size: 12pt;\"><a style=\"color: #ff0000;\" href=\"http:\/\/kiltsimois.ee\/rbd\/wp-content\/uploads\/2019\/02\/NUMBERS-100-TO-200.pdf\">NUMBERS &#8211; 100 TO 200<\/a><\/span><\/strong><\/span><\/td>\n<\/tr>\n<tr style=\"height: 27px;\">\n<td style=\"height: 27px;\"><span style=\"font-size: 12pt; color: #ff0000;\"><strong><a style=\"color: #ff0000;\" href=\"http:\/\/kiltsimois.ee\/rbd\/wp-content\/uploads\/2019\/02\/OPERATIONS.pdf\">OPERATIONS<\/a><\/strong><\/span><\/td>\n<td style=\"height: 27px;\"><span style=\"color: #ff0000;\"><strong><span style=\"font-size: 12pt;\"><a style=\"color: #ff0000;\" href=\"http:\/\/kiltsimois.ee\/rbd\/wp-content\/uploads\/2019\/02\/POINTS-UNION-FOCUSSING-ATENTION.pdf\">POINTS UNION &#8211; FOCUSSING ATENTION<\/a><\/span><\/strong><\/span><\/td>\n<td style=\"height: 27px;\"><span style=\"font-size: 12pt; color: #ff0000;\"><strong><a style=\"color: #ff0000;\" href=\"http:\/\/kiltsimois.ee\/rbd\/wp-content\/uploads\/2019\/02\/PREVIOUS-AND-REAR-NUMBER.pdf\">PREVIOUS AND REAR NUMBER<\/a><\/strong><\/span><\/td>\n<\/tr>\n<tr style=\"height: 27px;\">\n<td style=\"height: 27px;\"><span style=\"font-size: 12pt; color: #ff0000;\"><strong><a style=\"color: #ff0000;\" href=\"http:\/\/kiltsimois.ee\/rbd\/wp-content\/uploads\/2019\/02\/ROMAN-NUMBERS.pdf\">ROMAN NUMBERS<\/a><\/strong><\/span><\/td>\n<td style=\"height: 27px;\"><span style=\"color: #ff0000;\"><strong><span style=\"font-size: 12pt;\"><a style=\"color: #ff0000;\" href=\"http:\/\/kiltsimois.ee\/rbd\/wp-content\/uploads\/2019\/02\/SOLVING-PROBLEMS.pdf\">SOLVING PROBLEMS<\/a><\/span><\/strong><\/span><\/td>\n<td style=\"height: 27px;\">&nbsp;<\/td>\n<\/tr>\n<\/tbody>\n<\/table>\n<table>\n<tbody>\n<tr>\n<td style=\"text-align: left;\"><span style=\"font-family: 'arial black', sans-serif; font-size: 18pt; color: #0000ff;\">PORTUGAL<\/span><\/td>\n<td style=\"text-align: left;\">&nbsp;<\/td>\n<td style=\"text-align: left;\">&nbsp;<\/td>\n<\/tr>\n<tr>\n<td style=\"text-align: center;\"><span style=\"font-size: 14pt;\"><a href=\"http:\/\/kiltsimois.ee\/rbd\/wp-content\/uploads\/2018\/03\/Weekend-in-Lisbon.pdf\">Weekend in Lisbon<\/a><\/span><\/td>\n<td style=\"text-align: center;\"><span style=\"font-size: 14pt;\"><a href=\"http:\/\/kiltsimois.ee\/rbd\/wp-content\/uploads\/2018\/03\/A1-voc_casa1.pdf\">A CASA<\/a><\/span><\/td>\n<td style=\"text-align: center;\"><span style=\"font-size: 14pt;\"><a href=\"http:\/\/kiltsimois.ee\/rbd\/wp-content\/uploads\/2018\/03\/A1-voc_cozinha1.pdf\">A COZINHA<\/a><\/span><\/td>\n<\/tr>\n<tr>\n<td style=\"text-align: center;\"><span style=\"font-size: 14pt;\"><a href=\"http:\/\/kiltsimois.ee\/rbd\/wp-content\/uploads\/2018\/03\/A1_voc_emocoes.pdf\">EMO\u00c7\u00d5ES EM PORTUGU\u00caS<\/a><\/span><\/td>\n<td style=\"text-align: center;\"><span style=\"font-size: 14pt;\"><a href=\"http:\/\/kiltsimois.ee\/rbd\/wp-content\/uploads\/2018\/03\/Ficha-PLNM-RbD1.pdf\">Ficha PLNM RbD1<\/a><\/span><\/td>\n<td style=\"text-align: center;\"><span style=\"font-size: 14pt;\"><a href=\"http:\/\/kiltsimois.ee\/rbd\/wp-content\/uploads\/2018\/03\/FICHA-PORT-NFALANTES1.pdf\">FICHA PORT NFALANTES1<\/a><\/span><\/td>\n<\/tr>\n<tr>\n<td style=\"text-align: center;\"><span style=\"font-size: 14pt;\">&nbsp;<a href=\"http:\/\/kiltsimois.ee\/rbd\/wp-content\/uploads\/2018\/03\/FICHA-PORT-NFALANTES2.pdf\">FICHA PORT N\u00c3O FALANTES2<\/a><\/span><\/td>\n<td style=\"text-align: center;\"><span style=\"font-size: 14pt;\"><a href=\"http:\/\/kiltsimois.ee\/rbd\/wp-content\/uploads\/2018\/03\/FICHA-PORT-NFALANTES2-1.pdf\">FICHA PORT N\u00c3O FALANTES2+<\/a><\/span><\/td>\n<td style=\"text-align: center;\"><span style=\"font-size: 14pt;\">&nbsp;<a href=\"http:\/\/kiltsimois.ee\/rbd\/wp-content\/uploads\/2018\/04\/Alfabeto-para-estrangeiros.ppt\">Alfabeto para estrangeiros<\/a><\/span><\/td>\n<\/tr>\n<tr>\n<td style=\"text-align: center;\">\n<h1><span style=\"font-size: 14pt;\">&nbsp;<a href=\"http:\/\/kiltsimois.ee\/rbd\/wp-content\/uploads\/2018\/05\/HORAS_DO_DIA_APRESENTA\u00c7\u00c3O_PLNM.doc\">HORAS_DO_DIA<\/a><\/span><\/h1>\n<h1><span style=\"font-size: 14pt;\"><a href=\"http:\/\/kiltsimois.ee\/rbd\/wp-content\/uploads\/2018\/05\/HORAS_DO_DIA_APRESENTA\u00c7\u00c3O_PLNM.doc\">APRESENTA\u00c7\u00c3O<\/a><\/span><\/h1>\n<\/td>\n<td style=\"text-align: center;\">\n<h1><span style=\"font-size: 14pt; color: #008000;\">&nbsp;<a style=\"color: #008000;\" href=\"http:\/\/kiltsimois.ee\/rbd\/wp-content\/uploads\/2018\/05\/1_PLANTAS-1.pdf\">PLANTAS (Natural Sciences Worksheet)<\/a>&nbsp;&nbsp;<\/span><\/h1>\n<\/td>\n<td style=\"text-align: center;\">\n<h1><span style=\"font-size: 14pt; color: #008000;\">&nbsp;<a style=\"color: #008000;\" href=\"http:\/\/kiltsimois.ee\/rbd\/wp-content\/uploads\/2018\/05\/2_ESTADOS_DA_\u00c1GUA.pdf\">ESTADOS_DA_\u00c1GUA (Water states)<\/a><\/span><\/h1>\n<h1>&nbsp;<\/h1>\n<h1>&nbsp;<\/h1>\n<\/td>\n<\/tr>\n<tr>\n<td style=\"text-align: center;\">\n<h1><span style=\"font-size: 14pt; color: #008000;\">&nbsp;<a style=\"color: #008000;\" href=\"http:\/\/kiltsimois.ee\/rbd\/wp-content\/uploads\/2018\/05\/Quem-sou-eu_animais_marinhos.pptx\">Quem sou eu?<\/a><\/span><\/h1>\n<h1><span style=\"font-size: 14pt; color: #008000;\"><a style=\"color: #008000;\" href=\"http:\/\/kiltsimois.ee\/rbd\/wp-content\/uploads\/2018\/05\/Quem-sou-eu_animais_marinhos.pptx\">Animais<\/a><a style=\"color: #008000;\" href=\"http:\/\/kiltsimois.ee\/rbd\/wp-content\/uploads\/2018\/05\/Quem-sou-eu_animais_marinhos.pptx\">&nbsp;Marinhos<\/a><\/span><\/h1>\n<h1><span style=\"font-size: 14pt; color: #008000;\"><a style=\"color: #008000;\" href=\"http:\/\/kiltsimois.ee\/rbd\/wp-content\/uploads\/2018\/05\/Quem-sou-eu_animais_marinhos.pptx\">Presentation about marine animals<\/a><\/span><\/h1>\n<\/td>\n<td style=\"text-align: center;\">\n<h1><span style=\"font-size: 14pt; color: #008000;\">&nbsp;<a style=\"color: #008000;\" href=\"http:\/\/kiltsimois.ee\/rbd\/wp-content\/uploads\/2018\/05\/Quem-sou-eu_animais_marinhos.pdf\">Quem sou eu?<\/a><\/span><\/h1>\n<h1><span style=\"font-size: 14pt; color: #008000;\"><a style=\"color: #008000;\" href=\"http:\/\/kiltsimois.ee\/rbd\/wp-content\/uploads\/2018\/05\/Quem-sou-eu_animais_marinhos.pdf\">Animais marinhos<\/a><\/span><\/h1>\n<h1><span style=\"font-size: 14pt; color: #008000;\"><a style=\"color: #008000;\" href=\"http:\/\/kiltsimois.ee\/rbd\/wp-content\/uploads\/2018\/05\/Quem-sou-eu_animais_marinhos.pdf\">Natural Sciences Worksheet <\/a><\/span><\/h1>\n<h1><span style=\"font-size: 14pt; color: #008000;\"><a style=\"color: #008000;\" href=\"http:\/\/kiltsimois.ee\/rbd\/wp-content\/uploads\/2018\/05\/Quem-sou-eu_animais_marinhos.pdf\">Marine animals<\/a><\/span><\/h1>\n<\/td>\n<td style=\"text-align: center;\">\n<h1><span style=\"font-size: 14pt; color: #008000;\">&nbsp;<a style=\"color: #008000;\" href=\"http:\/\/kiltsimois.ee\/rbd\/wp-content\/uploads\/2018\/05\/3_SISTEMA-RESPIRAT\u00d3RIO.pdf\">SISTEMA RESPIRAT\u00d3RIO (Human Respiratory System)<\/a><\/span><\/h1>\n<h1>&nbsp;<\/h1>\n<\/td>\n<\/tr>\n<tr>\n<td style=\"text-align: center;\">\n<h1><span style=\"font-size: 14pt; color: #008000;\">&nbsp;<a style=\"color: #008000;\" href=\"http:\/\/kiltsimois.ee\/rbd\/wp-content\/uploads\/2018\/05\/3-1_SISTEMA-RESPIRAT\u00d3RIO.pdf\">SISTEMA RESPIRAT\u00d3RIO-2 (Human Respiratory System)<\/a><\/span><\/h1>\n<h1 style=\"font-style: normal; font-variant-ligatures: normal; font-variant-caps: normal; font-family: Lato, -apple-system, BlinkMacSystemFont, 'Helvetica Neue', Helvetica, Arial, 'Hiragino Sans', 'Hiragino Kaku Gothic ProN', Meiryo, sans-serif;\">&nbsp;<\/h1>\n<h1 style=\"font-style: normal; font-variant-ligatures: normal; font-variant-caps: normal; font-family: Lato, -apple-system, BlinkMacSystemFont, 'Helvetica Neue', Helvetica, Arial, 'Hiragino Sans', 'Hiragino Kaku Gothic ProN', Meiryo, sans-serif;\">&nbsp;<\/h1>\n<\/td>\n<td style=\"text-align: center;\">\n<h1><span style=\"font-size: 14pt; color: #008000;\">&nbsp;<a style=\"color: #008000;\" href=\"http:\/\/kiltsimois.ee\/rbd\/wp-content\/uploads\/2018\/05\/RODA-DOS-ALIMENTOS.pdf\">RODA DOS ALIMENTOS<\/a><\/span><\/h1>\n<h1><span style=\"font-size: 14pt; color: #008000;\"><a style=\"color: #008000;\" href=\"http:\/\/kiltsimois.ee\/rbd\/wp-content\/uploads\/2018\/05\/RODA-DOS-ALIMENTOS.pdf\">Natural Sciences worksheet<\/a><\/span><\/h1>\n<h1><span style=\"font-size: 14pt; color: #008000;\"><a style=\"color: #008000;\" href=\"http:\/\/kiltsimois.ee\/rbd\/wp-content\/uploads\/2018\/05\/RODA-DOS-ALIMENTOS.pdf\">Food wheel<\/a><\/span><\/h1>\n<\/td>\n<td style=\"text-align: center;\">\n<h1><span style=\"font-size: 14pt;\">&nbsp;<span style=\"color: #008000;\"><a style=\"color: #008000;\" href=\"http:\/\/kiltsimois.ee\/rbd\/wp-content\/uploads\/2018\/05\/ANIMAIS.pdf\">ANIMAIS <\/a><\/span><\/span><\/h1>\n<h1><span style=\"font-size: 14pt; color: #008000;\"><a style=\"color: #008000;\" href=\"http:\/\/kiltsimois.ee\/rbd\/wp-content\/uploads\/2018\/05\/ANIMAIS.pdf\">Natural Sciences worksheet<\/a><\/span><\/h1>\n<h1><span style=\"font-size: 14pt; color: #008000;\"><a style=\"color: #008000;\" href=\"http:\/\/kiltsimois.ee\/rbd\/wp-content\/uploads\/2018\/05\/ANIMAIS.pdf\">Animals<\/a><\/span><\/h1>\n<\/td>\n<\/tr>\n<tr>\n<td style=\"text-align: center;\">\n<h1><span style=\"font-size: 14pt; color: #008000;\"><a style=\"color: #008000;\" href=\"http:\/\/kiltsimois.ee\/rbd\/wp-content\/uploads\/2018\/05\/MAM\u00cdFEROS.pdf\">MAM\u00cdFEROS<\/a><\/span><\/h1>\n<h1><span style=\"font-size: 14pt; color: #008000;\"><a style=\"color: #008000;\" href=\"http:\/\/kiltsimois.ee\/rbd\/wp-content\/uploads\/2018\/05\/MAM\u00cdFEROS.pdf\">Natural Sciences worksheet<\/a><\/span><\/h1>\n<h1><span style=\"font-size: 14pt; color: #008000;\"><a style=\"color: #008000;\" href=\"http:\/\/kiltsimois.ee\/rbd\/wp-content\/uploads\/2018\/05\/MAM\u00cdFEROS.pdf\">Mammals<\/a><\/span><\/h1>\n<\/td>\n<td style=\"text-align: center;\">\n<h1><span style=\"font-size: 14pt; color: #008000;\"><a style=\"color: #008000;\" href=\"http:\/\/kiltsimois.ee\/rbd\/wp-content\/uploads\/2018\/05\/Revestimento-dos-animais-1.pdf\">Revestimento dos animais<\/a><\/span><\/h1>\n<h1><span style=\"font-size: 14pt; color: #008000;\"><a style=\"color: #008000;\" href=\"http:\/\/kiltsimois.ee\/rbd\/wp-content\/uploads\/2018\/05\/Revestimento-dos-animais.pdf\">Natural Science Worksheet on Animal Coatings<\/a><\/span><\/h1>\n<h1>&nbsp;<\/h1>\n<\/td>\n<td style=\"text-align: center;\">\n<h1><span style=\"font-size: 14pt; color: #008000;\"><a style=\"color: #008000;\" href=\"http:\/\/kiltsimois.ee\/rbd\/wp-content\/uploads\/2018\/05\/4_SISTEMA_DIGESTIVO-1.pdf\">4_SISTEMA_DIGESTIVO <\/a><\/span><\/h1>\n<h1><span style=\"font-size: 14pt; color: #008000;\"><a style=\"color: #008000;\" href=\"http:\/\/kiltsimois.ee\/rbd\/wp-content\/uploads\/2018\/05\/4_SISTEMA_DIGESTIVO-1.pdf\">Natural Science Worksheet <\/a><\/span><\/h1>\n<h1><span style=\"font-size: 14pt; color: #008000;\"><a style=\"color: #008000;\" href=\"http:\/\/kiltsimois.ee\/rbd\/wp-content\/uploads\/2018\/05\/4_SISTEMA_DIGESTIVO-1.pdf\">human digestive system<\/a>&nbsp;<\/span><\/h1>\n<\/td>\n<\/tr>\n<tr>\n<td style=\"text-align: center;\">\n<h1><span style=\"font-size: 14pt; color: #008000;\"><a style=\"color: #008000;\" href=\"http:\/\/kiltsimois.ee\/rbd\/wp-content\/uploads\/2018\/05\/4-1_SISTEMA_DIGESTIVO.pdf\">4-1_SISTEMA_DIGESTIVO<\/a><\/span><\/h1>\n<h1><span style=\"font-size: 14pt; color: #008000;\"><a style=\"color: #008000;\" href=\"http:\/\/kiltsimois.ee\/rbd\/wp-content\/uploads\/2018\/05\/4_SISTEMA_DIGESTIVO-1.pdf\">Natural Science Worksheet <\/a><\/span><\/h1>\n<h1><span style=\"font-size: 14pt; color: #008000;\"><a style=\"color: #008000;\" href=\"http:\/\/kiltsimois.ee\/rbd\/wp-content\/uploads\/2018\/05\/4_SISTEMA_DIGESTIVO-1.pdf\">human digestive system<\/a>&nbsp;<\/span><\/h1>\n<\/td>\n<td style=\"text-align: center;\">\n<h1>&nbsp;<\/h1>\n<\/td>\n<td style=\"text-align: center;\">&nbsp;<\/td>\n<\/tr>\n<tr>\n<td><span style=\"color: #0000ff; font-size: 18pt; font-family: 'arial black', sans-serif;\">BULGARIA<\/span><\/td>\n<td style=\"text-align: left;\">&nbsp;<\/td>\n<td>&nbsp;<\/td>\n<\/tr>\n<tr>\n<td>\n<table>\n<tbody>\n<tr>\n<td><span style=\"font-size: 14pt; font-family: arial, helvetica, sans-serif; color: #ff0000;\"><a style=\"color: #ff0000;\" href=\"http:\/\/kiltsimois.ee\/rbd\/wp-content\/uploads\/2018\/04\/Maths-to-immigrants.docx\">Maths to immigrants<\/a><\/span><\/td>\n<\/tr>\n<\/tbody>\n<\/table>\n<\/td>\n<td style=\"text-align: left;\">&nbsp;<span style=\"font-family: arial, helvetica, sans-serif; font-size: 14pt; color: #ff0000;\"><a style=\"color: #ff0000;\" href=\"http:\/\/kiltsimois.ee\/rbd\/wp-content\/uploads\/2018\/04\/Math-Learning-games.docx\">Math Learning<\/a><\/span><\/td>\n<td>&nbsp;<span style=\"color: #339966; font-family: arial, helvetica, sans-serif; font-size: 14pt;\"><a style=\"color: #339966;\" href=\"http:\/\/kiltsimois.ee\/rbd\/wp-content\/uploads\/2018\/04\/TEACHING-SCIENCE-Classification-1.docx\">TEACHING NATURE<\/a><\/span><\/td>\n<\/tr>\n<tr>\n<td><span style=\"font-size: 14pt;\"><a href=\"http:\/\/kiltsimois.ee\/rbd\/wp-content\/uploads\/2018\/10\/LANGUAGE-CARDS.docx\">LANGUAGE CARDS<\/a><\/span><\/td>\n<td style=\"text-align: left;\">&nbsp;<\/td>\n<td>&nbsp;<\/td>\n<\/tr>\n<tr>\n<td><span style=\"color: #0000ff; font-family: 'arial black', sans-serif;\"><span style=\"font-size: 24px;\">ITALY<\/span><\/span><\/td>\n<td style=\"text-align: left;\">&nbsp;<\/td>\n<td>&nbsp;<\/td>\n<\/tr>\n<tr>\n<td><span style=\"color: #0000ff; font-family: arial, helvetica, sans-serif; font-size: 14pt;\"><a href=\"http:\/\/kiltsimois.ee\/rbd\/wp-content\/uploads\/2018\/04\/altre-frasi_cinese.pdf\">altre-frasi_cinese<\/a><\/span><\/td>\n<td style=\"text-align: left;\"><span style=\"font-family: arial, helvetica, sans-serif; font-size: 14pt;\"><a href=\"http:\/\/kiltsimois.ee\/rbd\/wp-content\/uploads\/2018\/04\/Body.doc\">Body<\/a><\/span><\/td>\n<td><span style=\"font-family: arial, helvetica, sans-serif; font-size: 14pt;\"><a href=\"http:\/\/kiltsimois.ee\/rbd\/wp-content\/uploads\/2018\/04\/Clothes.doc\">Clothes<\/a><\/span><\/td>\n<\/tr>\n<tr>\n<td><span style=\"font-family: arial, helvetica, sans-serif; font-size: 14pt;\"><a href=\"http:\/\/kiltsimois.ee\/rbd\/wp-content\/uploads\/2018\/04\/Physical-aspects.pdf\">Physical aspects<\/a><\/span><\/td>\n<td style=\"text-align: left;\"><span style=\"font-family: arial, helvetica, sans-serif; font-size: 14pt;\"><a href=\"http:\/\/kiltsimois.ee\/rbd\/wp-content\/uploads\/2018\/04\/pronomi_personali.doc\">pronomi_personali<\/a><\/span><\/td>\n<td><span style=\"font-family: arial, helvetica, sans-serif; font-size: 14pt;\">&nbsp;<a href=\"http:\/\/kiltsimois.ee\/rbd\/wp-content\/uploads\/2018\/04\/Whats-the-weather-like.pdf\">What&#8217;s the weather like<\/a><\/span><\/td>\n<\/tr>\n<\/tbody>\n<\/table>\n<p>&nbsp;<\/p>\n","protected":false},"excerpt":{"rendered":"<p>ESTONIA &nbsp; &nbsp; SCHOOL STAFF TIMETABLE &#8211; MONDAY &#8211; for 1.class TIMETABLE &#8211; TUESDAY &#8211; for 1. class TIMETABLE &#8211; WEDNESDAY &#8211; for 1. class TIMETABLE &#8211; THURSDAY &#8211; for 1. class TIMETABLE &#8211; FRIDAY &#8211; for 1. class SCHOOL 1 SCHOOL 2 COLORS WEEK VERBS ACTIVITIES FAMILY I &#8211; word search FAMILY &#8211; crossword [&hellip;]<\/p>\n","protected":false},"author":7,"featured_media":0,"parent":71,"menu_order":0,"comment_status":"closed","ping_status":"closed","template":"","meta":{"footnotes":""},"_links":{"self":[{"href":"https:\/\/kiltsimois.ee\/rbd\/wp-json\/wp\/v2\/pages\/1934"}],"collection":[{"href":"https:\/\/kiltsimois.ee\/rbd\/wp-json\/wp\/v2\/pages"}],"about":[{"href":"https:\/\/kiltsimois.ee\/rbd\/wp-json\/wp\/v2\/types\/page"}],"author":[{"embeddable":true,"href":"https:\/\/kiltsimois.ee\/rbd\/wp-json\/wp\/v2\/users\/7"}],"replies":[{"embeddable":true,"href":"https:\/\/kiltsimois.ee\/rbd\/wp-json\/wp\/v2\/comments?post=1934"}],"version-history":[{"count":59,"href":"https:\/\/kiltsimois.ee\/rbd\/wp-json\/wp\/v2\/pages\/1934\/revisions"}],"predecessor-version":[{"id":4325,"href":"https:\/\/kiltsimois.ee\/rbd\/wp-json\/wp\/v2\/pages\/1934\/revisions\/4325"}],"up":[{"embeddable":true,"href":"https:\/\/kiltsimois.ee\/rbd\/wp-json\/wp\/v2\/pages\/71"}],"wp:attachment":[{"href":"https:\/\/kiltsimois.ee\/rbd\/wp-json\/wp\/v2\/media?parent=1934"}],"curies":[{"name":"wp","href":"https:\/\/api.w.org\/{rel}","templated":true}]}}