{"id":633,"date":"2017-11-11T13:38:51","date_gmt":"2017-11-11T11:38:51","guid":{"rendered":"http:\/\/kiltsimois.ee\/rbd\/?page_id=633"},"modified":"2018-03-03T21:37:46","modified_gmt":"2018-03-03T19:37:46","slug":"estonia","status":"publish","type":"page","link":"https:\/\/kiltsimois.ee\/rbd\/estonia\/","title":{"rendered":"Estonia"},"content":{"rendered":"<p><span style=\"font-size: 12pt;\"><span style=\"font-size: 12pt; font-family: arial, helvetica, sans-serif;\">Meie v\u00e4ikesel meeskonnal oli suur r\u00f5\u00f5m osaleda Santa Margherita Ligures projekti &#8220;Richness by Diversity&#8221; t\u00f6\u00f6koosolekul. Meie \u00f5pilased Merette, Janely ja Moona said tunda Itaalia k\u00fclalislahkust ja majutavate perede hoolitsust. Esimesel p\u00e4eval tundsid lapsed end t\u00f5eliste pagulastena &#8211; keelt ei oska, suhelda ei julge, k\u00f5ik on v\u00f5\u00f5ras ja teistsugune.&nbsp; Itaalia projektimeeskond oli kokku pannud huvitava programmi.&nbsp;<\/span><span style=\"font-family: arial, helvetica, sans-serif; font-size: 12pt;\">V\u00e4ga meeleolukaks osutus Napoli l\u00e4hedalt p\u00e4rit migrantidest moodustatud b\u00e4ndi esinemine. Lisaks r\u00fctmikale muusikale jutustasid b\u00e4ndiliikmed ka oma loo &#8211; miks ja kuidas nad Itaaliasse sattusid. Osalesime kooli karnevalil, k\u00fclastasime Genuas Migratsioonimuuseumi ning Euroopa suurimat Akvaariumi.&nbsp;<\/span><\/span><\/p>\n","protected":false},"excerpt":{"rendered":"<p>Meie v\u00e4ikesel meeskonnal oli suur r\u00f5\u00f5m osaleda Santa Margherita Ligures projekti &#8220;Richness by Diversity&#8221; t\u00f6\u00f6koosolekul. Meie \u00f5pilased Merette, Janely ja Moona said tunda Itaalia k\u00fclalislahkust ja majutavate perede hoolitsust. Esimesel p\u00e4eval tundsid lapsed end t\u00f5eliste pagulastena &#8211; keelt ei oska, suhelda ei julge, k\u00f5ik on v\u00f5\u00f5ras ja teistsugune.&nbsp; Itaalia projektimeeskond oli kokku pannud huvitava programmi.&nbsp;V\u00e4ga [&hellip;]<\/p>\n","protected":false},"author":3,"featured_media":0,"parent":0,"menu_order":0,"comment_status":"closed","ping_status":"closed","template":"","meta":{"footnotes":""},"_links":{"self":[{"href":"https:\/\/kiltsimois.ee\/rbd\/wp-json\/wp\/v2\/pages\/633"}],"collection":[{"href":"https:\/\/kiltsimois.ee\/rbd\/wp-json\/wp\/v2\/pages"}],"about":[{"href":"https:\/\/kiltsimois.ee\/rbd\/wp-json\/wp\/v2\/types\/page"}],"author":[{"embeddable":true,"href":"https:\/\/kiltsimois.ee\/rbd\/wp-json\/wp\/v2\/users\/3"}],"replies":[{"embeddable":true,"href":"https:\/\/kiltsimois.ee\/rbd\/wp-json\/wp\/v2\/comments?post=633"}],"version-history":[{"count":40,"href":"https:\/\/kiltsimois.ee\/rbd\/wp-json\/wp\/v2\/pages\/633\/revisions"}],"predecessor-version":[{"id":2014,"href":"https:\/\/kiltsimois.ee\/rbd\/wp-json\/wp\/v2\/pages\/633\/revisions\/2014"}],"wp:attachment":[{"href":"https:\/\/kiltsimois.ee\/rbd\/wp-json\/wp\/v2\/media?parent=633"}],"curies":[{"name":"wp","href":"https:\/\/api.w.org\/{rel}","templated":true}]}}